{"id":1818,"date":"2025-02-05T23:29:37","date_gmt":"2025-02-05T22:29:37","guid":{"rendered":"https:\/\/munichconsultoria.com\/?page_id=1818"},"modified":"2025-12-18T19:27:54","modified_gmt":"2025-12-18T18:27:54","slug":"productos","status":"publish","type":"page","link":"https:\/\/munichconsultoria.com\/en\/productos\/","title":{"rendered":"Product"},"content":{"rendered":"<div data-elementor-type=\"wp-page\" data-elementor-id=\"1818\" class=\"elementor elementor-1818\" data-elementor-post-type=\"page\">\n\t\t\t\t<div class=\"elementor-element elementor-element-717d578f e-con-full e-flex e-con e-parent\" data-id=\"717d578f\" data-element_type=\"container\" data-settings=\"{&quot;background_background&quot;:&quot;slideshow&quot;,&quot;background_slideshow_gallery&quot;:[{&quot;id&quot;:2773,&quot;url&quot;:&quot;http:\\\/\\\/munichconsultoria.com\\\/wp-content\\\/uploads\\\/workout-5914643_1280.jpg&quot;},{&quot;id&quot;:2816,&quot;url&quot;:&quot;http:\\\/\\\/munichconsultoria.com\\\/wp-content\\\/uploads\\\/boy-1835416_1280.jpg&quot;}],&quot;background_slideshow_slide_duration&quot;:3000,&quot;background_slideshow_ken_burns&quot;:&quot;yes&quot;,&quot;background_slideshow_ken_burns_zoom_direction&quot;:&quot;out&quot;,&quot;background_slideshow_loop&quot;:&quot;yes&quot;,&quot;background_slideshow_slide_transition&quot;:&quot;fade&quot;,&quot;background_slideshow_transition_duration&quot;:500}\">\n\t\t\t\t<div class=\"elementor-element elementor-element-413621d3 elementor-widget elementor-widget-heading\" data-id=\"413621d3\" data-element_type=\"widget\" data-widget_type=\"heading.default\">\n\t\t\t\t\t<h1 class=\"elementor-heading-title elementor-size-default\">Product<\/h1>\t\t\t\t<\/div>\n\t\t\t\t<div class=\"elementor-element elementor-element-5c5f1908 elementor-widget__width-initial elementor-widget-mobile__width-inherit elementor-widget elementor-widget-text-editor\" data-id=\"5c5f1908\" data-element_type=\"widget\" data-widget_type=\"text-editor.default\">\n\t\t\t\t\t\t\t\t\t<p>Ofrecemos un amplio cat\u00e1logo de ropa deportiva t\u00e9cnica y personalizada, adaptada a las necesidades de cada organizaci\u00f3n.<\/p>\t\t\t\t\t\t\t\t<\/div>\n\t\t\t\t<\/div>\n\t\t<div class=\"elementor-element elementor-element-ef98044 e-con-full e-flex e-con e-parent\" data-id=\"ef98044\" data-element_type=\"container\" data-settings=\"{&quot;background_background&quot;:&quot;classic&quot;}\">\n\t\t<div class=\"elementor-element elementor-element-6e204887 e-con-full e-flex e-con e-child\" data-id=\"6e204887\" data-element_type=\"container\" data-settings=\"{&quot;background_background&quot;:&quot;classic&quot;}\">\n\t\t\t\t<div class=\"elementor-element elementor-element-7d0878a elementor-widget elementor-widget-heading\" data-id=\"7d0878a\" data-element_type=\"widget\" data-widget_type=\"heading.default\">\n\t\t\t\t\t<h2 class=\"elementor-heading-title elementor-size-default\"><a href=\"https:\/\/www.sevillatmclub.com\/\">EQUIPACIONES DEPORTIVAS<\/a><\/h2>\t\t\t\t<\/div>\n\t\t\t\t<div class=\"elementor-element elementor-element-f152cff elementor-widget__width-initial elementor-widget-mobile__width-inherit elementor-widget elementor-widget-text-editor\" data-id=\"f152cff\" data-element_type=\"widget\" data-widget_type=\"text-editor.default\">\n\t\t\t\t\t\t\t\t\t<p>Suministramos equipaciones deportivas para diferentes disciplinas, dise\u00f1adas para entrenamientos y competici\u00f3n, con posibilidad de personalizaci\u00f3n.<\/p>\t\t\t\t\t\t\t\t<\/div>\n\t\t\t\t<\/div>\n\t\t<div class=\"elementor-element elementor-element-3877e745 e-con-full e-flex e-con e-child\" data-id=\"3877e745\" data-element_type=\"container\" data-settings=\"{&quot;background_background&quot;:&quot;classic&quot;}\">\n\t\t\t\t<\/div>\n\t\t\t\t<\/div>\n\t\t<div class=\"elementor-element elementor-element-a57a643 e-flex e-con-boxed e-con e-parent\" data-id=\"a57a643\" data-element_type=\"container\">\n\t\t\t\t\t<div class=\"e-con-inner\">\n\t\t\t\t<div class=\"elementor-element elementor-element-85ae104 elementor-widget elementor-widget-spacer\" data-id=\"85ae104\" data-element_type=\"widget\" data-widget_type=\"spacer.default\">\n\t\t\t\t\t\t\t<div class=\"elementor-spacer\">\n\t\t\t<div class=\"elementor-spacer-inner\"><\/div>\n\t\t<\/div>\n\t\t\t\t\t\t<\/div>\n\t\t\t\t\t<\/div>\n\t\t\t\t<\/div>\n\t\t<div class=\"elementor-element elementor-element-be10709 e-con-full e-flex e-con e-parent\" data-id=\"be10709\" data-element_type=\"container\" data-settings=\"{&quot;background_background&quot;:&quot;classic&quot;}\">\n\t\t<div class=\"elementor-element elementor-element-dde4551 e-con-full e-flex e-con e-child\" data-id=\"dde4551\" data-element_type=\"container\" data-settings=\"{&quot;background_background&quot;:&quot;classic&quot;}\">\n\t\t\t\t<\/div>\n\t\t<div class=\"elementor-element elementor-element-c0caf4a e-con-full e-flex e-con e-child\" data-id=\"c0caf4a\" data-element_type=\"container\" data-settings=\"{&quot;background_background&quot;:&quot;classic&quot;}\">\n\t\t\t\t<div class=\"elementor-element elementor-element-e151c95 elementor-widget elementor-widget-heading\" data-id=\"e151c95\" data-element_type=\"widget\" data-widget_type=\"heading.default\">\n\t\t\t\t\t<h2 class=\"elementor-heading-title elementor-size-default\"><a href=\"https:\/\/tenisdemesaenvalencia.com\/\">ROPA T\u00c9CNICA<\/a><\/h2>\t\t\t\t<\/div>\n\t\t\t\t<div class=\"elementor-element elementor-element-5072db1 elementor-widget__width-initial elementor-widget-mobile__width-inherit elementor-widget elementor-widget-text-editor\" data-id=\"5072db1\" data-element_type=\"widget\" data-widget_type=\"text-editor.default\">\n\t\t\t\t\t\t\t\t\t<p>Prendas t\u00e9cnicas que ofrecen comodidad, transpirabilidad y resistencia, adecuadas para el uso deportivo y corporativo.<\/p>\t\t\t\t\t\t\t\t<\/div>\n\t\t\t\t<\/div>\n\t\t\t\t<\/div>\n\t\t<div class=\"elementor-element elementor-element-a8e12ba e-flex e-con-boxed e-con e-parent\" data-id=\"a8e12ba\" data-element_type=\"container\" data-settings=\"{&quot;background_background&quot;:&quot;classic&quot;}\">\n\t\t\t\t\t<div class=\"e-con-inner\">\n\t\t\t\t<div class=\"elementor-element elementor-element-5d9e66c elementor-widget elementor-widget-spacer\" data-id=\"5d9e66c\" data-element_type=\"widget\" data-widget_type=\"spacer.default\">\n\t\t\t\t\t\t\t<div class=\"elementor-spacer\">\n\t\t\t<div class=\"elementor-spacer-inner\"><\/div>\n\t\t<\/div>\n\t\t\t\t\t\t<\/div>\n\t\t\t\t\t<\/div>\n\t\t\t\t<\/div>\n\t\t<div class=\"elementor-element elementor-element-a9bc2c6 e-con-full e-flex e-con e-parent\" data-id=\"a9bc2c6\" data-element_type=\"container\" data-settings=\"{&quot;background_background&quot;:&quot;classic&quot;}\">\n\t\t<div class=\"elementor-element elementor-element-12b8624 e-con-full e-flex e-con e-child\" data-id=\"12b8624\" data-element_type=\"container\" data-settings=\"{&quot;background_background&quot;:&quot;classic&quot;}\">\n\t\t\t\t<div class=\"elementor-element elementor-element-fbd3458 elementor-widget elementor-widget-heading\" data-id=\"fbd3458\" data-element_type=\"widget\" data-widget_type=\"heading.default\">\n\t\t\t\t\t<h2 class=\"elementor-heading-title elementor-size-default\"><a href=\"https:\/\/ctmtomares.com\/\">MERCHANDISING DEPORTIVO<\/a><\/h2>\t\t\t\t<\/div>\n\t\t\t\t<div class=\"elementor-element elementor-element-43f71bf elementor-widget__width-initial elementor-widget-mobile__width-inherit elementor-widget elementor-widget-text-editor\" data-id=\"43f71bf\" data-element_type=\"widget\" data-widget_type=\"text-editor.default\">\n\t\t\t\t\t\t\t\t\t<p>Ropa y complementos personalizados para empresas, eventos y acciones promocionales vinculadas al deporte.<\/p>\t\t\t\t\t\t\t\t<\/div>\n\t\t\t\t<\/div>\n\t\t<div class=\"elementor-element elementor-element-cfe15cf e-con-full e-flex e-con e-child\" data-id=\"cfe15cf\" data-element_type=\"container\" data-settings=\"{&quot;background_background&quot;:&quot;classic&quot;}\">\n\t\t\t\t<\/div>\n\t\t\t\t<\/div>\n\t\t\t\t<\/div>","protected":false},"excerpt":{"rendered":"<p>Productos Ofrecemos un amplio cat\u00e1logo de ropa deportiva t\u00e9cnica y personalizada, adaptada a las necesidades de cada organizaci\u00f3n. EQUIPACIONES DEPORTIVAS Suministramos equipaciones deportivas para diferentes disciplinas, dise\u00f1adas para entrenamientos y competici\u00f3n, con posibilidad de personalizaci\u00f3n. ROPA T\u00c9CNICA Prendas t\u00e9cnicas que ofrecen comodidad, transpirabilidad y resistencia, adecuadas para el uso deportivo y corporativo. MERCHANDISING DEPORTIVO Ropa [&hellip;]<\/p>","protected":false},"author":1,"featured_media":0,"parent":0,"menu_order":0,"comment_status":"closed","ping_status":"closed","template":"elementor_header_footer","meta":{"footnotes":""},"class_list":["post-1818","page","type-page","status-publish","hentry"],"yoast_head":"<!-- This site is optimized with the Yoast SEO plugin v26.6 - https:\/\/yoast.com\/wordpress\/plugins\/seo\/ -->\n<title>Productos - Munich Consultor\u00eda Productos de ropa deportiva t\u00e9cnica<\/title>\n<meta name=\"description\" content=\"Cat\u00e1logo de ropa deportiva t\u00e9cnica y personalizada para organizaciones, empresas y entidades deportivas. Soluciones adaptadas a cada cliente.\" \/>\n<meta name=\"robots\" content=\"index, follow, max-snippet:-1, max-image-preview:large, max-video-preview:-1\" \/>\n<link rel=\"canonical\" href=\"https:\/\/munichconsultoria.com\/en\/productos\/\" \/>\n<meta property=\"og:locale\" content=\"en_US\" \/>\n<meta property=\"og:type\" content=\"article\" \/>\n<meta property=\"og:title\" content=\"Productos - Munich Consultor\u00eda Productos de ropa deportiva t\u00e9cnica\" \/>\n<meta property=\"og:description\" content=\"Cat\u00e1logo de ropa deportiva t\u00e9cnica y personalizada para organizaciones, empresas y entidades deportivas. Soluciones adaptadas a cada cliente.\" \/>\n<meta property=\"og:url\" content=\"https:\/\/munichconsultoria.com\/en\/productos\/\" \/>\n<meta property=\"og:site_name\" content=\"Munich Consultor\u00eda\" \/>\n<meta property=\"article:modified_time\" content=\"2025-12-18T18:27:54+00:00\" \/>\n<meta name=\"twitter:card\" content=\"summary_large_image\" \/>\n<meta name=\"twitter:label1\" content=\"Est. reading time\" \/>\n\t<meta name=\"twitter:data1\" content=\"1 minute\" \/>\n<script type=\"application\/ld+json\" class=\"yoast-schema-graph\">{\"@context\":\"https:\/\/schema.org\",\"@graph\":[{\"@type\":\"WebPage\",\"@id\":\"https:\/\/munichconsultoria.com\/productos\/\",\"url\":\"https:\/\/munichconsultoria.com\/productos\/\",\"name\":\"Productos - Munich Consultor\u00eda Productos de ropa deportiva t\u00e9cnica\",\"isPartOf\":{\"@id\":\"https:\/\/munichconsultoria.com\/#website\"},\"datePublished\":\"2025-02-05T22:29:37+00:00\",\"dateModified\":\"2025-12-18T18:27:54+00:00\",\"description\":\"Cat\u00e1logo de ropa deportiva t\u00e9cnica y personalizada para organizaciones, empresas y entidades deportivas. Soluciones adaptadas a cada cliente.\",\"breadcrumb\":{\"@id\":\"https:\/\/munichconsultoria.com\/productos\/#breadcrumb\"},\"inLanguage\":\"en-US\",\"potentialAction\":[{\"@type\":\"ReadAction\",\"target\":[\"https:\/\/munichconsultoria.com\/productos\/\"]}]},{\"@type\":\"BreadcrumbList\",\"@id\":\"https:\/\/munichconsultoria.com\/productos\/#breadcrumb\",\"itemListElement\":[{\"@type\":\"ListItem\",\"position\":1,\"name\":\"Inicio\",\"item\":\"https:\/\/munichconsultoria.com\/\"},{\"@type\":\"ListItem\",\"position\":2,\"name\":\"Productos\"}]},{\"@type\":\"WebSite\",\"@id\":\"https:\/\/munichconsultoria.com\/#website\",\"url\":\"https:\/\/munichconsultoria.com\/\",\"name\":\"munichconsultoria\",\"description\":\"\",\"publisher\":{\"@id\":\"https:\/\/munichconsultoria.com\/#organization\"},\"potentialAction\":[{\"@type\":\"SearchAction\",\"target\":{\"@type\":\"EntryPoint\",\"urlTemplate\":\"https:\/\/munichconsultoria.com\/?s={search_term_string}\"},\"query-input\":{\"@type\":\"PropertyValueSpecification\",\"valueRequired\":true,\"valueName\":\"search_term_string\"}}],\"inLanguage\":\"en-US\"},{\"@type\":\"Organization\",\"@id\":\"https:\/\/munichconsultoria.com\/#organization\",\"name\":\"Munich Consultor\u00eda\",\"url\":\"https:\/\/munichconsultoria.com\/\",\"logo\":{\"@type\":\"ImageObject\",\"inLanguage\":\"en-US\",\"@id\":\"https:\/\/munichconsultoria.com\/#\/schema\/logo\/image\/\",\"url\":\"https:\/\/munichconsultoria.com\/wp-content\/uploads\/Black-White-Minimalist-Letter-MC-Logo.png\",\"contentUrl\":\"https:\/\/munichconsultoria.com\/wp-content\/uploads\/Black-White-Minimalist-Letter-MC-Logo.png\",\"width\":500,\"height\":500,\"caption\":\"Munich Consultor\u00eda\"},\"image\":{\"@id\":\"https:\/\/munichconsultoria.com\/#\/schema\/logo\/image\/\"}}]}<\/script>\n<!-- \/ Yoast SEO plugin. -->","yoast_head_json":{"title":"Productos - Munich Consultor\u00eda Productos de ropa deportiva t\u00e9cnica","description":"Cat\u00e1logo de ropa deportiva t\u00e9cnica y personalizada para organizaciones, empresas y entidades deportivas. Soluciones adaptadas a cada cliente.","robots":{"index":"index","follow":"follow","max-snippet":"max-snippet:-1","max-image-preview":"max-image-preview:large","max-video-preview":"max-video-preview:-1"},"canonical":"https:\/\/munichconsultoria.com\/en\/productos\/","og_locale":"en_US","og_type":"article","og_title":"Productos - Munich Consultor\u00eda Productos de ropa deportiva t\u00e9cnica","og_description":"Cat\u00e1logo de ropa deportiva t\u00e9cnica y personalizada para organizaciones, empresas y entidades deportivas. Soluciones adaptadas a cada cliente.","og_url":"https:\/\/munichconsultoria.com\/en\/productos\/","og_site_name":"Munich Consultor\u00eda","article_modified_time":"2025-12-18T18:27:54+00:00","twitter_card":"summary_large_image","twitter_misc":{"Est. reading time":"1 minute"},"schema":{"@context":"https:\/\/schema.org","@graph":[{"@type":"WebPage","@id":"https:\/\/munichconsultoria.com\/productos\/","url":"https:\/\/munichconsultoria.com\/productos\/","name":"Productos - Munich Consultor\u00eda Productos de ropa deportiva t\u00e9cnica","isPartOf":{"@id":"https:\/\/munichconsultoria.com\/#website"},"datePublished":"2025-02-05T22:29:37+00:00","dateModified":"2025-12-18T18:27:54+00:00","description":"Cat\u00e1logo de ropa deportiva t\u00e9cnica y personalizada para organizaciones, empresas y entidades deportivas. Soluciones adaptadas a cada cliente.","breadcrumb":{"@id":"https:\/\/munichconsultoria.com\/productos\/#breadcrumb"},"inLanguage":"en-US","potentialAction":[{"@type":"ReadAction","target":["https:\/\/munichconsultoria.com\/productos\/"]}]},{"@type":"BreadcrumbList","@id":"https:\/\/munichconsultoria.com\/productos\/#breadcrumb","itemListElement":[{"@type":"ListItem","position":1,"name":"Inicio","item":"https:\/\/munichconsultoria.com\/"},{"@type":"ListItem","position":2,"name":"Productos"}]},{"@type":"WebSite","@id":"https:\/\/munichconsultoria.com\/#website","url":"https:\/\/munichconsultoria.com\/","name":"munichconsultoria","description":"","publisher":{"@id":"https:\/\/munichconsultoria.com\/#organization"},"potentialAction":[{"@type":"SearchAction","target":{"@type":"EntryPoint","urlTemplate":"https:\/\/munichconsultoria.com\/?s={search_term_string}"},"query-input":{"@type":"PropertyValueSpecification","valueRequired":true,"valueName":"search_term_string"}}],"inLanguage":"en-US"},{"@type":"Organization","@id":"https:\/\/munichconsultoria.com\/#organization","name":"Munich Consultor\u00eda","url":"https:\/\/munichconsultoria.com\/","logo":{"@type":"ImageObject","inLanguage":"en-US","@id":"https:\/\/munichconsultoria.com\/#\/schema\/logo\/image\/","url":"https:\/\/munichconsultoria.com\/wp-content\/uploads\/Black-White-Minimalist-Letter-MC-Logo.png","contentUrl":"https:\/\/munichconsultoria.com\/wp-content\/uploads\/Black-White-Minimalist-Letter-MC-Logo.png","width":500,"height":500,"caption":"Munich Consultor\u00eda"},"image":{"@id":"https:\/\/munichconsultoria.com\/#\/schema\/logo\/image\/"}}]}},"_links":{"self":[{"href":"https:\/\/munichconsultoria.com\/en\/wp-json\/wp\/v2\/pages\/1818","targetHints":{"allow":["GET"]}}],"collection":[{"href":"https:\/\/munichconsultoria.com\/en\/wp-json\/wp\/v2\/pages"}],"about":[{"href":"https:\/\/munichconsultoria.com\/en\/wp-json\/wp\/v2\/types\/page"}],"author":[{"embeddable":true,"href":"https:\/\/munichconsultoria.com\/en\/wp-json\/wp\/v2\/users\/1"}],"replies":[{"embeddable":true,"href":"https:\/\/munichconsultoria.com\/en\/wp-json\/wp\/v2\/comments?post=1818"}],"version-history":[{"count":111,"href":"https:\/\/munichconsultoria.com\/en\/wp-json\/wp\/v2\/pages\/1818\/revisions"}],"predecessor-version":[{"id":2868,"href":"https:\/\/munichconsultoria.com\/en\/wp-json\/wp\/v2\/pages\/1818\/revisions\/2868"}],"wp:attachment":[{"href":"https:\/\/munichconsultoria.com\/en\/wp-json\/wp\/v2\/media?parent=1818"}],"curies":[{"name":"wp","href":"https:\/\/api.w.org\/{rel}","templated":true}]}}