{"id":1829,"date":"2025-02-05T23:31:09","date_gmt":"2025-02-05T22:31:09","guid":{"rendered":"https:\/\/munichconsultoria.com\/?page_id=1829"},"modified":"2026-01-19T19:22:22","modified_gmt":"2026-01-19T18:22:22","slug":"quienes-somos","status":"publish","type":"page","link":"https:\/\/munichconsultoria.com\/en\/quienes-somos\/","title":{"rendered":"About us"},"content":{"rendered":"<div data-elementor-type=\"wp-page\" data-elementor-id=\"1829\" class=\"elementor elementor-1829\" data-elementor-post-type=\"page\">\n\t\t\t\t<div class=\"elementor-element elementor-element-cb147f3 e-con-full e-flex e-con e-parent\" data-id=\"cb147f3\" data-element_type=\"container\" data-settings=\"{&quot;background_background&quot;:&quot;classic&quot;}\">\n\t\t\t\t<div class=\"elementor-element elementor-element-e58f285 elementor-widget__width-initial elementor-widget elementor-widget-heading\" data-id=\"e58f285\" data-element_type=\"widget\" data-widget_type=\"heading.default\">\n\t\t\t\t\t<h1 class=\"elementor-heading-title elementor-size-default\">About us<\/h1>\t\t\t\t<\/div>\n\t\t\t\t<div class=\"elementor-element elementor-element-06498ad elementor-widget__width-initial elementor-widget-mobile__width-inherit elementor-widget elementor-widget-text-editor\" data-id=\"06498ad\" data-element_type=\"widget\" data-widget_type=\"text-editor.default\">\n\t\t\t\t\t\t\t\t\t<p>Como proveedor de ropa deportiva personalizada, ofrecemos soluciones adaptadas a empresas, organizaciones y entidades deportivas que buscan prendas t\u00e9cnicas, funcionales y personalizadas seg\u00fan sus necesidades.<\/p>\t\t\t\t\t\t\t\t<\/div>\n\t\t\t\t<\/div>\n\t\t<div class=\"elementor-element elementor-element-633cea8 e-con-full e-flex e-con e-parent\" data-id=\"633cea8\" data-element_type=\"container\" data-settings=\"{&quot;background_background&quot;:&quot;classic&quot;}\">\n\t\t\t\t<div class=\"elementor-element elementor-element-d020a7c elementor-widget elementor-widget-heading\" data-id=\"d020a7c\" data-element_type=\"widget\" data-widget_type=\"heading.default\">\n\t\t\t\t\t<h1 class=\"elementor-heading-title elementor-size-default\">Nuestra empresa<\/h1>\t\t\t\t<\/div>\n\t\t\t\t<div class=\"elementor-element elementor-element-8a1f960 elementor-widget__width-initial elementor-widget-mobile__width-inherit elementor-widget elementor-widget-text-editor\" data-id=\"8a1f960\" data-element_type=\"widget\" data-widget_type=\"text-editor.default\">\n\t\t\t\t\t\t\t\t\t<p>Somos una empresa dedicada al suministro de ropa deportiva t\u00e9cnica y personalizada, orientada a ofrecer soluciones adaptadas a las necesidades de organizaciones, centros educativos, clubes y empresas.<\/p><p>Nuestro enfoque se basa en la calidad de los productos, la atenci\u00f3n profesional y la adaptaci\u00f3n a los requerimientos espec\u00edficos de cada cliente.<\/p>\t\t\t\t\t\t\t\t<\/div>\n\t\t\t\t<\/div>\n\t\t<div class=\"elementor-element elementor-element-5fff834 e-flex e-con-boxed e-con e-parent\" data-id=\"5fff834\" data-element_type=\"container\">\n\t\t\t\t\t<div class=\"e-con-inner\">\n\t\t\t\t<div class=\"elementor-element elementor-element-7822e6a elementor-widget elementor-widget-image\" data-id=\"7822e6a\" data-element_type=\"widget\" data-widget_type=\"image.default\">\n\t\t\t\t\t\t\t\t\t\t\t\t<figure class=\"wp-caption\">\n\t\t\t\t\t\t\t\t\t\t<img fetchpriority=\"high\" decoding=\"async\" width=\"640\" height=\"426\" src=\"https:\/\/munichconsultoria.com\/wp-content\/uploads\/woman-1730325_640-1.jpg\" class=\"attachment-large size-large wp-image-2846\" alt=\"Proveedor de ropa deportiva personalizada\" srcset=\"https:\/\/munichconsultoria.com\/wp-content\/uploads\/woman-1730325_640-1.jpg 640w, https:\/\/munichconsultoria.com\/wp-content\/uploads\/woman-1730325_640-1-300x200.jpg 300w, https:\/\/munichconsultoria.com\/wp-content\/uploads\/woman-1730325_640-1-18x12.jpg 18w\" sizes=\"(max-width: 640px) 100vw, 640px\" \/>\t\t\t\t\t\t\t\t\t\t\t<figcaption class=\"widget-image-caption wp-caption-text\"><\/figcaption>\n\t\t\t\t\t\t\t\t\t\t<\/figure>\n\t\t\t\t\t\t\t\t\t<\/div>\n\t\t\t\t\t<\/div>\n\t\t\t\t<\/div>\n\t\t<div class=\"elementor-element elementor-element-21c1073f e-con-full e-flex e-con e-parent\" data-id=\"21c1073f\" data-element_type=\"container\" data-settings=\"{&quot;background_background&quot;:&quot;classic&quot;}\">\n\t\t\t\t<div class=\"elementor-element elementor-element-65115fd elementor-widget elementor-widget-heading\" data-id=\"65115fd\" data-element_type=\"widget\" data-widget_type=\"heading.default\">\n\t\t\t\t\t<h1 class=\"elementor-heading-title elementor-size-default\">Qu\u00e9 ofrecemos\n<\/h1>\t\t\t\t<\/div>\n\t\t\t\t<div class=\"elementor-element elementor-element-32d07681 elementor-widget__width-initial elementor-widget-mobile__width-inherit elementor-widget elementor-widget-text-editor\" data-id=\"32d07681\" data-element_type=\"widget\" data-widget_type=\"text-editor.default\">\n\t\t\t\t\t\t\t\t\t<p>Nuestro trabajo se basa en un enfoque orientado a facilitar todo el proceso a nuestros clientes, desde la selecci\u00f3n del producto m\u00e1s adecuado hasta la personalizaci\u00f3n final y el suministro.<\/p><p>Colaboramos con diferentes tipos de organizaciones que requieren ropa deportiva personalizada como parte de su actividad, imagen corporativa o acciones promocionales, adapt\u00e1ndonos a cada proyecto de forma flexible.<\/p>\t\t\t\t\t\t\t\t<\/div>\n\t\t\t\t<\/div>\n\t\t<div class=\"elementor-element elementor-element-304ec3b e-con-full e-flex e-con e-parent\" data-id=\"304ec3b\" data-element_type=\"container\" data-settings=\"{&quot;background_background&quot;:&quot;classic&quot;}\">\n\t\t\t\t<div class=\"elementor-element elementor-element-3a8925c elementor-widget elementor-widget-heading\" data-id=\"3a8925c\" data-element_type=\"widget\" data-widget_type=\"heading.default\">\n\t\t\t\t\t<h1 class=\"elementor-heading-title elementor-size-default\">Compromiso<\/h1>\t\t\t\t<\/div>\n\t\t\t\t<div class=\"elementor-element elementor-element-3465bc1 elementor-widget__width-initial elementor-widget-mobile__width-inherit elementor-widget elementor-widget-text-editor\" data-id=\"3465bc1\" data-element_type=\"widget\" data-widget_type=\"text-editor.default\">\n\t\t\t\t\t\t\t\t\t<p>Nuestro compromiso es proporcionar productos fiables, asesoramiento profesional y un trato cercano, garantizando resultados acordes a las expectativas de nuestros clientes.<\/p>\t\t\t\t\t\t\t\t<\/div>\n\t\t\t\t<\/div>\n\t\t\t\t<\/div>","protected":false},"excerpt":{"rendered":"<p>Qui\u00e9nes somos Como proveedor de ropa deportiva personalizada, ofrecemos soluciones adaptadas a empresas, organizaciones y entidades deportivas que buscan prendas t\u00e9cnicas, funcionales y personalizadas seg\u00fan sus necesidades. Nuestra empresa Somos una empresa dedicada al suministro de ropa deportiva t\u00e9cnica y personalizada, orientada a ofrecer soluciones adaptadas a las necesidades de organizaciones, centros educativos, clubes y [&hellip;]<\/p>","protected":false},"author":1,"featured_media":0,"parent":0,"menu_order":0,"comment_status":"closed","ping_status":"closed","template":"elementor_header_footer","meta":{"footnotes":""},"class_list":["post-1829","page","type-page","status-publish","hentry"],"yoast_head":"<!-- This site is optimized with the Yoast SEO plugin v26.6 - https:\/\/yoast.com\/wordpress\/plugins\/seo\/ -->\n<title>Qui\u00e9nes somos - Munich Consultor\u00eda Qui\u00e9nes somos<\/title>\n<meta name=\"description\" content=\"Empresa especializada en el suministro de ropa deportiva t\u00e9cnica y personalizada para empresas, organizaciones y entidades deportivas.\" \/>\n<meta name=\"robots\" content=\"index, follow, max-snippet:-1, max-image-preview:large, max-video-preview:-1\" \/>\n<link rel=\"canonical\" href=\"https:\/\/munichconsultoria.com\/en\/quienes-somos\/\" \/>\n<meta property=\"og:locale\" content=\"en_US\" \/>\n<meta property=\"og:type\" content=\"article\" \/>\n<meta property=\"og:title\" content=\"Qui\u00e9nes somos - Munich Consultor\u00eda Qui\u00e9nes somos\" \/>\n<meta property=\"og:description\" content=\"Empresa especializada en el suministro de ropa deportiva t\u00e9cnica y personalizada para empresas, organizaciones y entidades deportivas.\" \/>\n<meta property=\"og:url\" content=\"https:\/\/munichconsultoria.com\/en\/quienes-somos\/\" \/>\n<meta property=\"og:site_name\" content=\"Munich Consultor\u00eda\" \/>\n<meta property=\"article:modified_time\" content=\"2026-01-19T18:22:22+00:00\" \/>\n<meta property=\"og:image\" content=\"http:\/\/munichconsultoria.com\/wp-content\/uploads\/woman-1730325_640-1.jpg\" \/>\n<meta name=\"twitter:card\" content=\"summary_large_image\" \/>\n<meta name=\"twitter:label1\" content=\"Est. reading time\" \/>\n\t<meta name=\"twitter:data1\" content=\"1 minute\" \/>\n<script type=\"application\/ld+json\" class=\"yoast-schema-graph\">{\"@context\":\"https:\/\/schema.org\",\"@graph\":[{\"@type\":\"WebPage\",\"@id\":\"https:\/\/munichconsultoria.com\/quienes-somos\/\",\"url\":\"https:\/\/munichconsultoria.com\/quienes-somos\/\",\"name\":\"Qui\u00e9nes somos - Munich Consultor\u00eda Qui\u00e9nes somos\",\"isPartOf\":{\"@id\":\"https:\/\/munichconsultoria.com\/#website\"},\"primaryImageOfPage\":{\"@id\":\"https:\/\/munichconsultoria.com\/quienes-somos\/#primaryimage\"},\"image\":{\"@id\":\"https:\/\/munichconsultoria.com\/quienes-somos\/#primaryimage\"},\"thumbnailUrl\":\"http:\/\/munichconsultoria.com\/wp-content\/uploads\/woman-1730325_640-1.jpg\",\"datePublished\":\"2025-02-05T22:31:09+00:00\",\"dateModified\":\"2026-01-19T18:22:22+00:00\",\"description\":\"Empresa especializada en el suministro de ropa deportiva t\u00e9cnica y personalizada para empresas, organizaciones y entidades deportivas.\",\"breadcrumb\":{\"@id\":\"https:\/\/munichconsultoria.com\/quienes-somos\/#breadcrumb\"},\"inLanguage\":\"en-US\",\"potentialAction\":[{\"@type\":\"ReadAction\",\"target\":[\"https:\/\/munichconsultoria.com\/quienes-somos\/\"]}]},{\"@type\":\"ImageObject\",\"inLanguage\":\"en-US\",\"@id\":\"https:\/\/munichconsultoria.com\/quienes-somos\/#primaryimage\",\"url\":\"http:\/\/munichconsultoria.com\/wp-content\/uploads\/woman-1730325_640-1.jpg\",\"contentUrl\":\"http:\/\/munichconsultoria.com\/wp-content\/uploads\/woman-1730325_640-1.jpg\"},{\"@type\":\"BreadcrumbList\",\"@id\":\"https:\/\/munichconsultoria.com\/quienes-somos\/#breadcrumb\",\"itemListElement\":[{\"@type\":\"ListItem\",\"position\":1,\"name\":\"Inicio\",\"item\":\"https:\/\/munichconsultoria.com\/\"},{\"@type\":\"ListItem\",\"position\":2,\"name\":\"Qui\u00e9nes somos\"}]},{\"@type\":\"WebSite\",\"@id\":\"https:\/\/munichconsultoria.com\/#website\",\"url\":\"https:\/\/munichconsultoria.com\/\",\"name\":\"munichconsultoria\",\"description\":\"\",\"publisher\":{\"@id\":\"https:\/\/munichconsultoria.com\/#organization\"},\"potentialAction\":[{\"@type\":\"SearchAction\",\"target\":{\"@type\":\"EntryPoint\",\"urlTemplate\":\"https:\/\/munichconsultoria.com\/?s={search_term_string}\"},\"query-input\":{\"@type\":\"PropertyValueSpecification\",\"valueRequired\":true,\"valueName\":\"search_term_string\"}}],\"inLanguage\":\"en-US\"},{\"@type\":\"Organization\",\"@id\":\"https:\/\/munichconsultoria.com\/#organization\",\"name\":\"Munich Consultor\u00eda\",\"url\":\"https:\/\/munichconsultoria.com\/\",\"logo\":{\"@type\":\"ImageObject\",\"inLanguage\":\"en-US\",\"@id\":\"https:\/\/munichconsultoria.com\/#\/schema\/logo\/image\/\",\"url\":\"https:\/\/munichconsultoria.com\/wp-content\/uploads\/Black-White-Minimalist-Letter-MC-Logo.png\",\"contentUrl\":\"https:\/\/munichconsultoria.com\/wp-content\/uploads\/Black-White-Minimalist-Letter-MC-Logo.png\",\"width\":500,\"height\":500,\"caption\":\"Munich Consultor\u00eda\"},\"image\":{\"@id\":\"https:\/\/munichconsultoria.com\/#\/schema\/logo\/image\/\"}}]}<\/script>\n<!-- \/ Yoast SEO plugin. -->","yoast_head_json":{"title":"Qui\u00e9nes somos - Munich Consultor\u00eda Qui\u00e9nes somos","description":"Empresa especializada en el suministro de ropa deportiva t\u00e9cnica y personalizada para empresas, organizaciones y entidades deportivas.","robots":{"index":"index","follow":"follow","max-snippet":"max-snippet:-1","max-image-preview":"max-image-preview:large","max-video-preview":"max-video-preview:-1"},"canonical":"https:\/\/munichconsultoria.com\/en\/quienes-somos\/","og_locale":"en_US","og_type":"article","og_title":"Qui\u00e9nes somos - Munich Consultor\u00eda Qui\u00e9nes somos","og_description":"Empresa especializada en el suministro de ropa deportiva t\u00e9cnica y personalizada para empresas, organizaciones y entidades deportivas.","og_url":"https:\/\/munichconsultoria.com\/en\/quienes-somos\/","og_site_name":"Munich Consultor\u00eda","article_modified_time":"2026-01-19T18:22:22+00:00","og_image":[{"url":"http:\/\/munichconsultoria.com\/wp-content\/uploads\/woman-1730325_640-1.jpg","type":"","width":"","height":""}],"twitter_card":"summary_large_image","twitter_misc":{"Est. reading time":"1 minute"},"schema":{"@context":"https:\/\/schema.org","@graph":[{"@type":"WebPage","@id":"https:\/\/munichconsultoria.com\/quienes-somos\/","url":"https:\/\/munichconsultoria.com\/quienes-somos\/","name":"Qui\u00e9nes somos - Munich Consultor\u00eda Qui\u00e9nes somos","isPartOf":{"@id":"https:\/\/munichconsultoria.com\/#website"},"primaryImageOfPage":{"@id":"https:\/\/munichconsultoria.com\/quienes-somos\/#primaryimage"},"image":{"@id":"https:\/\/munichconsultoria.com\/quienes-somos\/#primaryimage"},"thumbnailUrl":"http:\/\/munichconsultoria.com\/wp-content\/uploads\/woman-1730325_640-1.jpg","datePublished":"2025-02-05T22:31:09+00:00","dateModified":"2026-01-19T18:22:22+00:00","description":"Empresa especializada en el suministro de ropa deportiva t\u00e9cnica y personalizada para empresas, organizaciones y entidades deportivas.","breadcrumb":{"@id":"https:\/\/munichconsultoria.com\/quienes-somos\/#breadcrumb"},"inLanguage":"en-US","potentialAction":[{"@type":"ReadAction","target":["https:\/\/munichconsultoria.com\/quienes-somos\/"]}]},{"@type":"ImageObject","inLanguage":"en-US","@id":"https:\/\/munichconsultoria.com\/quienes-somos\/#primaryimage","url":"http:\/\/munichconsultoria.com\/wp-content\/uploads\/woman-1730325_640-1.jpg","contentUrl":"http:\/\/munichconsultoria.com\/wp-content\/uploads\/woman-1730325_640-1.jpg"},{"@type":"BreadcrumbList","@id":"https:\/\/munichconsultoria.com\/quienes-somos\/#breadcrumb","itemListElement":[{"@type":"ListItem","position":1,"name":"Inicio","item":"https:\/\/munichconsultoria.com\/"},{"@type":"ListItem","position":2,"name":"Qui\u00e9nes somos"}]},{"@type":"WebSite","@id":"https:\/\/munichconsultoria.com\/#website","url":"https:\/\/munichconsultoria.com\/","name":"munichconsultoria","description":"","publisher":{"@id":"https:\/\/munichconsultoria.com\/#organization"},"potentialAction":[{"@type":"SearchAction","target":{"@type":"EntryPoint","urlTemplate":"https:\/\/munichconsultoria.com\/?s={search_term_string}"},"query-input":{"@type":"PropertyValueSpecification","valueRequired":true,"valueName":"search_term_string"}}],"inLanguage":"en-US"},{"@type":"Organization","@id":"https:\/\/munichconsultoria.com\/#organization","name":"Munich Consultor\u00eda","url":"https:\/\/munichconsultoria.com\/","logo":{"@type":"ImageObject","inLanguage":"en-US","@id":"https:\/\/munichconsultoria.com\/#\/schema\/logo\/image\/","url":"https:\/\/munichconsultoria.com\/wp-content\/uploads\/Black-White-Minimalist-Letter-MC-Logo.png","contentUrl":"https:\/\/munichconsultoria.com\/wp-content\/uploads\/Black-White-Minimalist-Letter-MC-Logo.png","width":500,"height":500,"caption":"Munich Consultor\u00eda"},"image":{"@id":"https:\/\/munichconsultoria.com\/#\/schema\/logo\/image\/"}}]}},"_links":{"self":[{"href":"https:\/\/munichconsultoria.com\/en\/wp-json\/wp\/v2\/pages\/1829","targetHints":{"allow":["GET"]}}],"collection":[{"href":"https:\/\/munichconsultoria.com\/en\/wp-json\/wp\/v2\/pages"}],"about":[{"href":"https:\/\/munichconsultoria.com\/en\/wp-json\/wp\/v2\/types\/page"}],"author":[{"embeddable":true,"href":"https:\/\/munichconsultoria.com\/en\/wp-json\/wp\/v2\/users\/1"}],"replies":[{"embeddable":true,"href":"https:\/\/munichconsultoria.com\/en\/wp-json\/wp\/v2\/comments?post=1829"}],"version-history":[{"count":106,"href":"https:\/\/munichconsultoria.com\/en\/wp-json\/wp\/v2\/pages\/1829\/revisions"}],"predecessor-version":[{"id":2874,"href":"https:\/\/munichconsultoria.com\/en\/wp-json\/wp\/v2\/pages\/1829\/revisions\/2874"}],"wp:attachment":[{"href":"https:\/\/munichconsultoria.com\/en\/wp-json\/wp\/v2\/media?parent=1829"}],"curies":[{"name":"wp","href":"https:\/\/api.w.org\/{rel}","templated":true}]}}